{"id":83,"date":"2020-02-12T15:01:19","date_gmt":"2020-02-12T15:01:19","guid":{"rendered":"http:\/\/sportfischerverein-oelde.de\/?page_id=83"},"modified":"2020-02-16T11:56:21","modified_gmt":"2020-02-16T11:56:21","slug":"schonzeiten","status":"publish","type":"page","link":"https:\/\/sportfischerverein-oelde.de\/?page_id=83","title":{"rendered":"Schonzeiten"},"content":{"rendered":"\t\t<div data-elementor-type=\"wp-page\" data-elementor-id=\"83\" class=\"elementor elementor-83\" data-elementor-settings=\"[]\">\n\t\t\t\t\t\t<div class=\"elementor-inner\">\n\t\t\t\t\t\t\t<div class=\"elementor-section-wrap\">\n\t\t\t\t\t\t\t<section class=\"elementor-section elementor-top-section elementor-element elementor-element-6441b6c elementor-section-boxed elementor-section-height-default elementor-section-height-default\" data-id=\"6441b6c\" data-element_type=\"section\">\n\t\t\t\t\t\t<div class=\"elementor-container elementor-column-gap-default\">\n\t\t\t\t\t\t\t<div class=\"elementor-row\">\n\t\t\t\t\t<div class=\"elementor-column elementor-col-100 elementor-top-column elementor-element elementor-element-05aabac\" data-id=\"05aabac\" data-element_type=\"column\">\n\t\t\t<div class=\"elementor-column-wrap elementor-element-populated\">\n\t\t\t\t\t\t\t<div class=\"elementor-widget-wrap\">\n\t\t\t\t\t\t<div class=\"elementor-element elementor-element-50516c6 elementor-widget elementor-widget-heading\" data-id=\"50516c6\" data-element_type=\"widget\" data-widget_type=\"heading.default\">\n\t\t\t\t<div class=\"elementor-widget-container\">\n\t\t\t<h2 class=\"elementor-heading-title elementor-size-large\">Schonzeiten - Mindestma\u00dfe - Fangbeschr\u00e4nkungen<\/h2>\t\t<\/div>\n\t\t\t\t<\/div>\n\t\t\t\t\t\t<\/div>\n\t\t\t\t\t<\/div>\n\t\t<\/div>\n\t\t\t\t\t\t\t\t<\/div>\n\t\t\t\t\t<\/div>\n\t\t<\/section>\n\t\t\t\t<section class=\"elementor-section elementor-top-section elementor-element elementor-element-77f1e24 elementor-section-boxed elementor-section-height-default elementor-section-height-default\" data-id=\"77f1e24\" data-element_type=\"section\">\n\t\t\t\t\t\t<div class=\"elementor-container elementor-column-gap-default\">\n\t\t\t\t\t\t\t<div class=\"elementor-row\">\n\t\t\t\t\t<div class=\"elementor-column elementor-col-100 elementor-top-column elementor-element elementor-element-e017958\" data-id=\"e017958\" data-element_type=\"column\">\n\t\t\t<div class=\"elementor-column-wrap elementor-element-populated\">\n\t\t\t\t\t\t\t<div class=\"elementor-widget-wrap\">\n\t\t\t\t\t\t<div class=\"elementor-element elementor-element-f774d8c elementor-widget elementor-widget-heading\" data-id=\"f774d8c\" data-element_type=\"widget\" data-widget_type=\"heading.default\">\n\t\t\t\t<div class=\"elementor-widget-container\">\n\t\t\t<h2 class=\"elementor-heading-title elementor-size-default\">f\u00fcr alle Vereinsgew\u00e4sser der Sportfischerverein Oelde e.V.<\/h2>\t\t<\/div>\n\t\t\t\t<\/div>\n\t\t\t\t\t\t<\/div>\n\t\t\t\t\t<\/div>\n\t\t<\/div>\n\t\t\t\t\t\t\t\t<\/div>\n\t\t\t\t\t<\/div>\n\t\t<\/section>\n\t\t\t\t<section class=\"elementor-section elementor-top-section elementor-element elementor-element-eea601f elementor-section-boxed elementor-section-height-default elementor-section-height-default\" data-id=\"eea601f\" data-element_type=\"section\">\n\t\t\t\t\t\t<div class=\"elementor-container elementor-column-gap-default\">\n\t\t\t\t\t\t\t<div class=\"elementor-row\">\n\t\t\t\t\t<div class=\"elementor-column elementor-col-100 elementor-top-column elementor-element elementor-element-03270e3\" data-id=\"03270e3\" data-element_type=\"column\">\n\t\t\t<div class=\"elementor-column-wrap elementor-element-populated\">\n\t\t\t\t\t\t\t<div class=\"elementor-widget-wrap\">\n\t\t\t\t\t\t<div class=\"elementor-element elementor-element-3d4685a elementor-widget elementor-widget-text-editor\" data-id=\"3d4685a\" data-element_type=\"widget\" data-widget_type=\"text-editor.default\">\n\t\t\t\t<div class=\"elementor-widget-container\">\n\t\t\t\t\t\t\t\t<div class=\"elementor-text-editor elementor-clearfix\">\n\t\t\t\t<table border=\"1\" width=\"662\" cellspacing=\"0\" cellpadding=\"0\">\n<tbody>\n<tr>\n<td><h5>Fischart<\/h5><\/td>\n<td><h5>Schonzeit<\/h5><\/td>\n<td><h5>Mindestma\u00df<\/h5><\/td>\n<td><h5>Fangbegrenzung pro Tag je Gew\u00e4sser<\/h5><\/td>\n<td><h5>Fangbegrenzung pro Jahr je Gew\u00e4sser<\/h5><\/td>\n<\/tr>\n<tr>\n<td><h6>Aal<\/h6><\/td>\n<td><h6>keine<\/h6><\/td>\n<td><h6>50 cm<\/h6><\/td>\n<td><h6>keine<\/h6><\/td>\n<td><h6>keine<\/h6><\/td>\n<\/tr>\n<tr>\n<td><h6>\u00c4sche<\/h6><\/td>\n<td><h6>01.03. &#8211; 30.04.<\/h6><\/td>\n<td><h6>30 cm<\/h6><\/td>\n<td><h6>3<\/h6><\/td>\n<td><h6>12<\/h6><\/td>\n<\/tr>\n<tr>\n<td><h6>Bachforelle<\/h6><\/td>\n<td><h6>20.10. &#8211; 15.03.<\/h6><\/td>\n<td><h6>25 cm<\/h6><\/td>\n<td><h6>3<\/h6><\/td>\n<td><h6>12<\/h6><\/td>\n<\/tr>\n<tr>\n<td><h6>Bachsaibling<\/h6><\/td>\n<td><h6>20.10. &#8211; 15.03.<\/h6><\/td>\n<td><h6>25 cm<\/h6><\/td>\n<td><h6>3<\/h6><\/td>\n<td><h6>12<\/h6><\/td>\n<\/tr>\n<tr>\n<td><h6>Barsch<\/h6><\/td>\n<td><h6>keine<\/h6><\/td>\n<td><h6>kein<\/h6><\/td>\n<td><h6>keine<\/h6><\/td>\n<td><h6>keine<\/h6><\/td>\n<\/tr>\n<tr>\n<td><h6>Brassen<\/h6><\/td>\n<td><h6>keine<\/h6><\/td>\n<td><h6>kein<\/h6><\/td>\n<td><h6>keine<\/h6><\/td>\n<td><h6>keine<\/h6><\/td>\n<\/tr>\n<tr>\n<td><h6>D\u00f6bel<\/h6><\/td>\n<td><h6>keine<\/h6><\/td>\n<td><h6>kein<\/h6><\/td>\n<td><h6>keine<\/h6><\/td>\n<td><h6>keine<\/h6><\/td>\n<\/tr>\n<tr>\n<td><h6>Pflanzenfresser<\/h6><\/td>\n<td><h6>01.01. &#8211; 31.12.<\/h6><\/td>\n<td><h6>kein<\/h6><\/td>\n<td><h6>0<\/h6><\/td>\n<td><h6>0<\/h6><\/td>\n<\/tr>\n<tr>\n<td><h6>Hecht<\/h6><\/td>\n<td><h6>01.01. &#8211; 30.04.<\/h6><\/td>\n<td><h6>60 cm<\/h6><\/td>\n<td><h6>1<\/h6><\/td>\n<td><h6>2<\/h6><\/td>\n<\/tr>\n<tr>\n<td><h6>Karpfen<\/h6><\/td>\n<td><h6>keine<\/h6><\/td>\n<td><h6>40 cm<\/h6><\/td>\n<td><h6>2<\/h6><\/td>\n<td><h6>6<\/h6><\/td>\n<\/tr>\n<tr>\n<td><h6>Regenbogenforelle<\/h6><\/td>\n<td><h6>20.10. &#8211; 15.03. Flie\u00dfgew.<\/h6><\/td>\n<td><h6>25 cm<\/h6><\/td>\n<td><h6>3<\/h6><\/td>\n<td><h6>12<\/h6><\/td>\n<\/tr>\n<tr>\n<td><h6>Rotauge<\/h6><\/td>\n<td><h6>keine<\/h6><\/td>\n<td><h6>18 cm<\/h6><\/td>\n<td><h6>keine<\/h6><\/td>\n<td><h6>keine<\/h6><\/td>\n<\/tr>\n<tr>\n<td><h6>Rotfeder<\/h6><\/td>\n<td><h6>keine<\/h6><\/td>\n<td><h6>18 cm<\/h6><\/td>\n<td><h6>keine<\/h6><\/td>\n<td><h6>keine<\/h6><\/td>\n<\/tr>\n<tr>\n<td><h6>Schleie<\/h6><\/td>\n<td><h6>keine<\/h6><\/td>\n<td><h6>28 cm<\/h6><\/td>\n<td><h6>2<\/h6><\/td>\n<td><h6>10<\/h6><\/td>\n<\/tr>\n<tr>\n<td><h6>Zander<\/h6><\/td>\n<td><h6>01.01. &#8211; 31.05.<\/h6><\/td>\n<td><h6>50 cm<\/h6><\/td>\n<td><h6>2<\/h6><\/td>\n<td>6<\/td>\n<\/tr>\n<\/tbody>\n<\/table>\t\t\t\t\t<\/div>\n\t\t\t\t\t\t<\/div>\n\t\t\t\t<\/div>\n\t\t\t\t\t\t<\/div>\n\t\t\t\t\t<\/div>\n\t\t<\/div>\n\t\t\t\t\t\t\t\t<\/div>\n\t\t\t\t\t<\/div>\n\t\t<\/section>\n\t\t\t\t\t\t<\/div>\n\t\t\t\t\t\t<\/div>\n\t\t\t\t\t<\/div>\n\t\t","protected":false},"excerpt":{"rendered":"<p>Schonzeiten &#8211; Mindestma\u00dfe &#8211; Fangbeschr\u00e4nkungen f\u00fcr alle Vereinsgew\u00e4sser der Sportfischerverein Oelde e.V. Fischart Schonzeit Mindestma\u00df Fangbegrenzung pro Tag je Gew\u00e4sser Fangbegrenzung pro Jahr je Gew\u00e4sser Aal keine 50 cm keine [&hellip;]<\/p>\n","protected":false},"author":1,"featured_media":0,"parent":0,"menu_order":0,"comment_status":"closed","ping_status":"closed","template":"","meta":{"footnotes":""},"class_list":["post-83","page","type-page","status-publish","hentry","entry"],"_links":{"self":[{"href":"https:\/\/sportfischerverein-oelde.de\/index.php?rest_route=\/wp\/v2\/pages\/83","targetHints":{"allow":["GET"]}}],"collection":[{"href":"https:\/\/sportfischerverein-oelde.de\/index.php?rest_route=\/wp\/v2\/pages"}],"about":[{"href":"https:\/\/sportfischerverein-oelde.de\/index.php?rest_route=\/wp\/v2\/types\/page"}],"author":[{"embeddable":true,"href":"https:\/\/sportfischerverein-oelde.de\/index.php?rest_route=\/wp\/v2\/users\/1"}],"replies":[{"embeddable":true,"href":"https:\/\/sportfischerverein-oelde.de\/index.php?rest_route=%2Fwp%2Fv2%2Fcomments&post=83"}],"version-history":[{"count":8,"href":"https:\/\/sportfischerverein-oelde.de\/index.php?rest_route=\/wp\/v2\/pages\/83\/revisions"}],"predecessor-version":[{"id":227,"href":"https:\/\/sportfischerverein-oelde.de\/index.php?rest_route=\/wp\/v2\/pages\/83\/revisions\/227"}],"wp:attachment":[{"href":"https:\/\/sportfischerverein-oelde.de\/index.php?rest_route=%2Fwp%2Fv2%2Fmedia&parent=83"}],"curies":[{"name":"wp","href":"https:\/\/api.w.org\/{rel}","templated":true}]}}