{"id":89,"date":"2020-02-12T15:00:38","date_gmt":"2020-02-12T15:00:38","guid":{"rendered":"http:\/\/sportfischerverein-oelde.de\/?page_id=89"},"modified":"2020-02-16T11:55:02","modified_gmt":"2020-02-16T11:55:02","slug":"gewaesserordnung","status":"publish","type":"page","link":"https:\/\/sportfischerverein-oelde.de\/?page_id=89","title":{"rendered":"Gew\u00e4sserordnung"},"content":{"rendered":"\t\t<div data-elementor-type=\"wp-page\" data-elementor-id=\"89\" class=\"elementor elementor-89\" data-elementor-settings=\"[]\">\n\t\t\t\t\t\t<div class=\"elementor-inner\">\n\t\t\t\t\t\t\t<div class=\"elementor-section-wrap\">\n\t\t\t\t\t\t\t<section class=\"elementor-section elementor-top-section elementor-element elementor-element-56903b46 elementor-section-boxed elementor-section-height-default elementor-section-height-default\" data-id=\"56903b46\" data-element_type=\"section\">\n\t\t\t\t\t\t<div class=\"elementor-container elementor-column-gap-default\">\n\t\t\t\t\t\t\t<div class=\"elementor-row\">\n\t\t\t\t\t<div class=\"elementor-column elementor-col-100 elementor-top-column elementor-element elementor-element-55b9f909\" data-id=\"55b9f909\" data-element_type=\"column\">\n\t\t\t<div class=\"elementor-column-wrap elementor-element-populated\">\n\t\t\t\t\t\t\t<div class=\"elementor-widget-wrap\">\n\t\t\t\t\t\t<div class=\"elementor-element elementor-element-915072b elementor-widget elementor-widget-text-editor\" data-id=\"915072b\" data-element_type=\"widget\" data-widget_type=\"text-editor.default\">\n\t\t\t\t<div class=\"elementor-widget-container\">\n\t\t\t\t\t\t\t\t<div class=\"elementor-text-editor elementor-clearfix\">\n\t\t\t\t<p><!-- wp:paragraph --><\/p>\n<h2><strong>SPORTFISCHERVEREIN OELDE e.V.<\/strong><\/h2>\n<p><!-- \/wp:paragraph --><!-- wp:paragraph --><\/p>\n<h5>Gew\u00e4sserordnung f\u00fcr alle Vereinsgew\u00e4sser!<br>Januar 2009<br>1.&nbsp;&nbsp; Die Mitglieder des Vereins verpflichten sich, den Inhalt dieser Gew\u00e4sserordnung zur Kenntnis zu nehmen und s\u00e4mtliche Bestimmungen einzuhalten.<br>&nbsp;&nbsp;&nbsp;&nbsp;&nbsp;&nbsp; Neben den bundes- und landesrechtlichen Vorschriften mu\u00df die Gew\u00e4sserordnung des Landesfischereiverbandes Westfalen und Lippe e.V. beachtet<br>&nbsp;&nbsp;&nbsp;&nbsp;&nbsp;&nbsp; werden.<br>&nbsp;&nbsp;&nbsp;&nbsp;&nbsp;&nbsp; Den Anordnungen der Fischereiaufseher ist Folge zu leisten. Erlaubnisschein und Fischereischein sowie Fangger\u00e4te und gefangene Fische sind auf<br>&nbsp;&nbsp;&nbsp;&nbsp;&nbsp;&nbsp; Verlangen vorzuzeigen (\u00a7 54 LFG)<br>&nbsp;&nbsp;&nbsp;&nbsp;&nbsp;&nbsp; Der&nbsp; waidgerechte Angler betreibt die Fischerei pfleglich unter Wahrung der Belange des Natur-, Landschafts-, Tier-, und Gew\u00e4sserschutzes.<br>&nbsp;&nbsp;&nbsp;&nbsp;&nbsp;&nbsp; Er verpflichtet sich, an der \u00dcberwachung der Gew\u00e4sser nach Kr\u00e4ften mitzuwirken. Bei festgestellten Wasserverunreinigungen, Fischsterben oder<br>&nbsp;&nbsp;&nbsp;&nbsp;&nbsp;&nbsp; Fischkrankheiten sind sofort die zust\u00e4ndigen Ordnungs\u00e4mter, die Gew\u00e4sserwarte, Polizei und der 1. Vorsitzende zu benachrichtigen.<br>2.&nbsp;&nbsp; Das Angeln an Sonn- und Feiertagen ist im M\u00fchlensee sowie im Axtbach-Oberlauf nur bis 10.00 Uhr gestattet.<br>3. &nbsp; Es ist Pflicht den Angelplatz sauber zu halten und keinen Abfall, dazu geh\u00f6ren u.a. Grillasche, Verpackungsmaterial jeglicher Art, Flaschen,<br>&nbsp;&nbsp;&nbsp;&nbsp; &nbsp;&nbsp;Zigarettenkippen, Schnurreste etc., zu hinterlassen. Das Grillen ist an den Oelder Gew\u00e4ssern grunds\u00e4tzlich nicht gestattet.<br>&nbsp;&nbsp;&nbsp;&nbsp;&nbsp;&nbsp; Zelten sowie offene Feuerstellen (Lagerfeuer) sind nicht erlaubt. Jeglicher L\u00e4rm ist zu vermeiden. Die Nachtruhe an den Gew\u00e4ssern mu\u00df ab<br>&nbsp;&nbsp;&nbsp;&nbsp;&nbsp;&nbsp; 22.00 Uhr eingehalten werden.<br>4. &nbsp;&nbsp; Jugendliche d\u00fcrfen nur bis 22.00 Uhr angeln, au\u00dfer in Begleitung eines Elternteiles, welches Mitglied im Verein und im Besitz eines g\u00fcltigen<br>&nbsp;&nbsp;&nbsp;&nbsp;&nbsp;&nbsp;&nbsp; Fischereierlaubnisscheines ist.<br>5.&nbsp;&nbsp; Es ist nicht gestattet andere Personen mitangeln zu lassen. Das angeln von Br\u00fccken und aus Booten ist nicht erlaubt.<br>6.&nbsp;&nbsp; Beim Spinn- oder Fliegenfischen darf keine weitere Angel ausgelegt werden.<br>7. &nbsp; Ma\u00dfige Fische, die der Fangbeschr\u00e4nkung unterliegen, m\u00fcssen sofort in die Fangliste eingetragen werden, noch bevor der neue K\u00f6der wieder<br>&nbsp;&nbsp;&nbsp;&nbsp;&nbsp;&nbsp; zu Wasser gelassen wird. Bei allen anderen Fischarten wird der Tagesfang &#8211; nach Beendigung des Angelns &#8211; eingetragen.<br>&nbsp;&nbsp;&nbsp;&nbsp;&nbsp;&nbsp; Gefangene Fische d\u00fcrfen nicht lebend mitgenommen werden. Ausgenommen von dieser Bestimmung sind Aale.<br>&nbsp;&nbsp;&nbsp;&nbsp;&nbsp;&nbsp; Der Verkauf oder Tausch gefangener Fische ist grunds\u00e4tzlich untersagt. Gefangene Fische m\u00fcssen vom Angler selbst sinnvoll verwertet werden.<br>&nbsp;&nbsp;&nbsp;&nbsp;&nbsp;&nbsp; Das Schuppen und Ausweiden der Fische am Gew\u00e4sser ist verboten.<\/h5>\n<p><!-- \/wp:paragraph --><!-- wp:paragraph --><\/p>\n\n<p><!-- \/wp:paragraph --><!-- wp:paragraph --><\/p>\n\n<p><!-- \/wp:paragraph --><!-- wp:paragraph --><\/p>\n\n<p><!-- \/wp:paragraph --><!-- wp:paragraph --><\/p>\n\n<p><!-- \/wp:paragraph --><!-- wp:paragraph --><\/p>\n\n<p><!-- \/wp:paragraph --><!-- wp:paragraph --><\/p>\n\n<p><!-- \/wp:paragraph --><!-- wp:paragraph --><\/p>\n\n<p><!-- \/wp:paragraph --><!-- wp:paragraph --><\/p>\n\n<p><!-- \/wp:paragraph --><!-- wp:paragraph --><\/p>\n\n<p><!-- \/wp:paragraph --><!-- wp:paragraph --><\/p>\n\n<p><!-- \/wp:paragraph --><!-- wp:paragraph --><\/p>\n\n<p><!-- \/wp:paragraph --><!-- wp:paragraph --><\/p>\n\n<p><!-- \/wp:paragraph --><!-- wp:paragraph --><\/p>\n\n<p><!-- \/wp:paragraph --><!-- wp:paragraph --><\/p>\n\n<p><!-- \/wp:paragraph --><!-- wp:paragraph --><\/p>\n\n<p><!-- \/wp:paragraph --><!-- wp:paragraph --><\/p>\n\n<p><!-- \/wp:paragraph --><!-- wp:paragraph --><\/p>\n\n<p><!-- \/wp:paragraph --><!-- wp:paragraph --><\/p>\n\n<p><!-- \/wp:paragraph --><!-- wp:paragraph --><\/p>\n\n<p><!-- \/wp:paragraph --><!-- wp:paragraph --><\/p>\n\n<p><!-- \/wp:paragraph --><!-- wp:paragraph --><\/p>\n\n<p><!-- \/wp:paragraph --><!-- wp:paragraph --><\/p>\n\n<p><!-- \/wp:paragraph --><!-- wp:paragraph --><\/p>\n\n<p><!-- \/wp:paragraph --><!-- wp:paragraph --><\/p>\n<h5>&nbsp;&nbsp;&nbsp;&nbsp;&nbsp;&nbsp; Gefangene Fische, die das Mindestma\u00df erreicht haben, m\u00fcssen dem Gew\u00e4sser entnommen werden.<br>8.&nbsp;&nbsp; Als K\u00f6derfische d\u00fcrfen nur Rotaugen, Rotfedern (auch unterma\u00dfige) sowie Brassen verwendet werden und zwar nur in dem Gew\u00e4sser aus dem<br>&nbsp;&nbsp;&nbsp;&nbsp;&nbsp;&nbsp; sie stammen (\u00a7 7 LFG). Dies gilt auch f\u00fcr Fischfetzen.<br>&nbsp;&nbsp;&nbsp;&nbsp;&nbsp;&nbsp; Es d\u00fcrfen nur 3 K\u00f6derfische geh\u00e4ltert werden. Nach dem Angeln m\u00fcssen die K\u00f6derfische tot oder lebendig wieder dem Gew\u00e4sser zugef\u00fchrt werden.<br>&nbsp;&nbsp;&nbsp;&nbsp;&nbsp;&nbsp; Das Angeln mit lebendem K\u00f6derfisch sowie das verwenden einer Senke ist nicht erlaubt.<br>9.&nbsp;&nbsp; Das Anfutter ist je Gew\u00e4sser auf 1 Liter pro Angeltag begrenzt. Die Benutzung von chemischen Mitteln und Farbstoffen ist verboten.<br>10. Die Mindestma\u00dfe entnehmen Sie bitte der r\u00fcckseitigen Grafik.<br>11. Die Schonzeiten entnehmen Sie bitte der r\u00fcckseitigen Grafik.<br>12. Die Quappe und der Pflanzenfresser (Graskarpfen) haben eine ganzj\u00e4hrige Schonzeit.<br>13. Die zul\u00e4ssigen Fangmengen je Gew\u00e4sser pro Tag und Jahr entnehmen Sie bitte der r\u00fcckseitigen Grafik.<br>14. &nbsp; Der Fischfang an&nbsp; allen Gew\u00e4ssern darf mit folgenden Ger\u00e4ten ausge\u00fcbt werden:<br>Vom 01.02. bis zum 31.12. mit 2 Handangeln (Stipp- oder Grundangeln) oder einer Fliegenrute.<br>&nbsp;&nbsp;&nbsp;&nbsp;&nbsp; &nbsp;&nbsp; Am M\u00fchlensee und am Waldkottensee ist Spinnangeln erst ab dem 01.06. erlaubt.<br>&nbsp;&nbsp;&nbsp;&nbsp; &nbsp;&nbsp; Erlaubt sind 1 Friedfisch- und 1 Raubfischrute oder 2 Friedfisch- oder 2 Raubfischruten.<br>15.&nbsp; Jugendliche Mitglieder d\u00fcrfen grunds\u00e4tzlich nur mit einer Angel fischen.<br>&nbsp;&nbsp;&nbsp;&nbsp;&nbsp;&nbsp; Jugendliche die im Besitz des Bundesfischereischeins sind, d\u00fcrfen am Waldkottensee mit einer Friedfisch-<br>&nbsp;&nbsp;&nbsp;&nbsp;&nbsp;&nbsp; und einer Raubfischrute angeln.<br>16&nbsp;&nbsp; Inhaber des Erlaubnisscheines hat Fanglisten zu f\u00fchren und die Zusammenstellung der Fangergebnisse nach Fischart, St\u00fcckzahl,<br>&nbsp;&nbsp;&nbsp;&nbsp;&nbsp;&nbsp; Gewicht in kg, und L\u00e4nge in cm und zwar getrennt nach Gew\u00e4ssern bis zum 31.12. eines jeden Jahres beim Gew\u00e4sserwart abzugeben.<br>&nbsp;&nbsp;&nbsp;&nbsp;&nbsp;&nbsp; Eintragungen mit Bleistift sind nicht gestattet.<br>17.&nbsp; Zuwiderhandlungen gegen diese Gew\u00e4sserordnung sowie Verst\u00f6\u00dfe gegen die fischereirechtlichen Bestimmungen und gegen die Grund-<br>&nbsp;&nbsp;&nbsp;&nbsp;&nbsp;&nbsp; s\u00e4tze der Waidgerechtigkeit werden mit dem entsch\u00e4digungslosen Entzug des Erlaubnisscheines oder mit dem sofortigen Ausschluss aus<br>&nbsp;&nbsp;&nbsp;&nbsp;&nbsp;&nbsp; dem Verein geahndet.<br>18.&nbsp; Der Sportfischerverein Oelde e.V. haftet nicht f\u00fcr Ungl\u00fccksf\u00e4lle und Sch\u00e4den.<br>19.&nbsp; Nur aus Freude am Drill zu fangen ist im Sinne des Tierschutzgesetzes niemals ein vern\u00fcnftiger Grund und hat deshalb zu unterbleiben.<br>20.&nbsp; Der Erlaubnisscheininhaber erkennt mit dem Erwerb des Erlaubnisscheines diese Bestimmungen an.<br><strong>Jeder Angler&nbsp; m\u00f6ge sich so benehmen,<br><\/strong><strong>dass<\/strong> <strong>er zu Recht als \u201eUmweltsch\u00fctzer an der Front\u201c<br><\/strong><strong>angesprochen werden kann!<\/strong><\/h5>\n<p><!-- \/wp:paragraph --><!-- wp:paragraph --><\/p>\n\n<p><!-- \/wp:paragraph --><!-- wp:paragraph --><\/p>\n\n<p><!-- \/wp:paragraph --><!-- wp:paragraph --><\/p>\n\n<p><!-- \/wp:paragraph --><!-- wp:paragraph --><\/p>\n\n<p><!-- \/wp:paragraph --><!-- wp:paragraph --><\/p>\n\n<p><!-- \/wp:paragraph --><!-- wp:paragraph --><\/p>\n\n<p><!-- \/wp:paragraph --><!-- wp:paragraph --><\/p>\n\n<p><!-- \/wp:paragraph --><!-- wp:paragraph --><\/p>\n\n<p><!-- \/wp:paragraph --><!-- wp:paragraph --><\/p>\n\n<p><!-- \/wp:paragraph --><!-- wp:paragraph --><\/p>\n\n<p><!-- \/wp:paragraph --><!-- wp:paragraph --><\/p>\n\n<p><!-- \/wp:paragraph --><!-- wp:paragraph --><\/p>\n\n<p><!-- \/wp:paragraph --><!-- wp:paragraph --><\/p>\n\n<p><!-- \/wp:paragraph --><!-- wp:paragraph --><\/p>\n\n<p><!-- \/wp:paragraph --><!-- wp:paragraph --><\/p>\n\n<p><!-- \/wp:paragraph --><!-- wp:paragraph --><\/p>\n\n<p><!-- \/wp:paragraph --><!-- wp:paragraph --><\/p>\n\n<p><!-- \/wp:paragraph --><!-- wp:paragraph --><\/p>\n\n<p><!-- \/wp:paragraph --><!-- wp:paragraph --><\/p>\n\n<p><!-- \/wp:paragraph --><!-- wp:paragraph --><\/p>\n\n<p><!-- \/wp:paragraph --><!-- wp:paragraph --><\/p>\n\n<p><!-- \/wp:paragraph --><!-- wp:paragraph --><\/p>\n\n<p><!-- \/wp:paragraph --><!-- wp:paragraph --><\/p>\n\n<p><!-- \/wp:paragraph --><!-- wp:paragraph --><\/p>\n\n<p><!-- \/wp:paragraph --><!-- wp:paragraph --><\/p>\n\n<p><!-- \/wp:paragraph --><!-- wp:paragraph --><\/p>\n\n<p><!-- \/wp:paragraph --><!-- wp:paragraph --><\/p>\n\n<p><!-- \/wp:paragraph --><!-- wp:paragraph --><\/p>\n\n<p><!-- \/wp:paragraph --><\/p>\t\t\t\t\t<\/div>\n\t\t\t\t\t\t<\/div>\n\t\t\t\t<\/div>\n\t\t\t\t\t\t<\/div>\n\t\t\t\t\t<\/div>\n\t\t<\/div>\n\t\t\t\t\t\t\t\t<\/div>\n\t\t\t\t\t<\/div>\n\t\t<\/section>\n\t\t\t\t\t\t<\/div>\n\t\t\t\t\t\t<\/div>\n\t\t\t\t\t<\/div>\n\t\t","protected":false},"excerpt":{"rendered":"<p>SPORTFISCHERVEREIN OELDE e.V. Gew\u00e4sserordnung f\u00fcr alle Vereinsgew\u00e4sser!Januar 20091.&nbsp;&nbsp; Die Mitglieder des Vereins verpflichten sich, den Inhalt dieser Gew\u00e4sserordnung zur Kenntnis zu nehmen und s\u00e4mtliche Bestimmungen einzuhalten.&nbsp;&nbsp;&nbsp;&nbsp;&nbsp;&nbsp; Neben den bundes- und [&hellip;]<\/p>\n","protected":false},"author":1,"featured_media":0,"parent":0,"menu_order":0,"comment_status":"closed","ping_status":"closed","template":"","meta":{"footnotes":""},"class_list":["post-89","page","type-page","status-publish","hentry","entry"],"_links":{"self":[{"href":"https:\/\/sportfischerverein-oelde.de\/index.php?rest_route=\/wp\/v2\/pages\/89","targetHints":{"allow":["GET"]}}],"collection":[{"href":"https:\/\/sportfischerverein-oelde.de\/index.php?rest_route=\/wp\/v2\/pages"}],"about":[{"href":"https:\/\/sportfischerverein-oelde.de\/index.php?rest_route=\/wp\/v2\/types\/page"}],"author":[{"embeddable":true,"href":"https:\/\/sportfischerverein-oelde.de\/index.php?rest_route=\/wp\/v2\/users\/1"}],"replies":[{"embeddable":true,"href":"https:\/\/sportfischerverein-oelde.de\/index.php?rest_route=%2Fwp%2Fv2%2Fcomments&post=89"}],"version-history":[{"count":5,"href":"https:\/\/sportfischerverein-oelde.de\/index.php?rest_route=\/wp\/v2\/pages\/89\/revisions"}],"predecessor-version":[{"id":226,"href":"https:\/\/sportfischerverein-oelde.de\/index.php?rest_route=\/wp\/v2\/pages\/89\/revisions\/226"}],"wp:attachment":[{"href":"https:\/\/sportfischerverein-oelde.de\/index.php?rest_route=%2Fwp%2Fv2%2Fmedia&parent=89"}],"curies":[{"name":"wp","href":"https:\/\/api.w.org\/{rel}","templated":true}]}}